{"id":1366,"date":"2021-12-13T11:52:51","date_gmt":"2021-12-13T11:52:51","guid":{"rendered":"https:\/\/policemusee.lu\/?page_id=1366"},"modified":"2022-09-24T12:05:51","modified_gmt":"2022-09-24T11:05:51","slug":"elementor-1366","status":"publish","type":"page","link":"https:\/\/policemusee.lu\/?page_id=1366","title":{"rendered":"Documentation"},"content":{"rendered":"\t\t<div data-elementor-type=\"wp-page\" data-elementor-id=\"1366\" class=\"elementor elementor-1366\">\n\t\t\t\t\t\t<section class=\"elementor-section elementor-top-section elementor-element elementor-element-2165262 elementor-section-boxed elementor-section-height-default elementor-section-height-default\" data-id=\"2165262\" data-element_type=\"section\" data-e-type=\"section\">\n\t\t\t\t\t\t<div class=\"elementor-container elementor-column-gap-default\">\n\t\t\t\t\t<div class=\"elementor-column elementor-col-100 elementor-top-column elementor-element elementor-element-6baad43a\" data-id=\"6baad43a\" data-element_type=\"column\" data-e-type=\"column\">\n\t\t\t<div class=\"elementor-widget-wrap elementor-element-populated\">\n\t\t\t\t\t\t<div class=\"elementor-element elementor-element-2802023f elementor-widget elementor-widget-heading\" data-id=\"2802023f\" data-element_type=\"widget\" data-e-type=\"widget\" data-widget_type=\"heading.default\">\n\t\t\t\t<div class=\"elementor-widget-container\">\n\t\t\t\t\t<h2 class=\"elementor-heading-title elementor-size-default\">Documentation<\/h2>\t\t\t\t<\/div>\n\t\t\t\t<\/div>\n\t\t\t\t\t<\/div>\n\t\t<\/div>\n\t\t\t\t\t<\/div>\n\t\t<\/section>\n\t\t\t\t<section class=\"elementor-section elementor-top-section elementor-element elementor-element-390a3970 elementor-section-boxed elementor-section-height-default elementor-section-height-default\" data-id=\"390a3970\" data-element_type=\"section\" data-e-type=\"section\">\n\t\t\t\t\t\t<div class=\"elementor-container elementor-column-gap-default\">\n\t\t\t\t\t<div class=\"elementor-column elementor-col-100 elementor-top-column elementor-element elementor-element-68d7f231\" data-id=\"68d7f231\" data-element_type=\"column\" data-e-type=\"column\">\n\t\t\t<div class=\"elementor-widget-wrap elementor-element-populated\">\n\t\t\t\t\t\t<section class=\"elementor-section elementor-inner-section elementor-element elementor-element-74cc1b0c elementor-section-boxed elementor-section-height-default elementor-section-height-default\" data-id=\"74cc1b0c\" data-element_type=\"section\" data-e-type=\"section\">\n\t\t\t\t\t\t<div class=\"elementor-container elementor-column-gap-default\">\n\t\t\t\t\t<div class=\"elementor-column elementor-col-50 elementor-inner-column elementor-element elementor-element-27fd979c\" data-id=\"27fd979c\" data-element_type=\"column\" data-e-type=\"column\">\n\t\t\t<div class=\"elementor-widget-wrap elementor-element-populated\">\n\t\t\t\t\t\t<div class=\"elementor-element elementor-element-46543da1 elementor-widget elementor-widget-image\" data-id=\"46543da1\" data-element_type=\"widget\" data-e-type=\"widget\" data-widget_type=\"image.default\">\n\t\t\t\t<div class=\"elementor-widget-container\">\n\t\t\t\t\t\t\t\t\t\t\t\t\t\t\t<img decoding=\"async\" src=\"https:\/\/policemusee.lu\/wp-content\/uploads\/elementor\/thumbs\/unnamed-file-phgr8h41wmp8srhn842fhrecoav38xag096rtf2pfg.png\" title=\".png\" alt=\".png\" loading=\"lazy\" \/>\t\t\t\t\t\t\t\t\t\t\t\t\t\t\t<\/div>\n\t\t\t\t<\/div>\n\t\t\t\t\t<\/div>\n\t\t<\/div>\n\t\t\t\t<div class=\"elementor-column elementor-col-50 elementor-inner-column elementor-element elementor-element-18d08bb2\" data-id=\"18d08bb2\" data-element_type=\"column\" data-e-type=\"column\">\n\t\t\t<div class=\"elementor-widget-wrap elementor-element-populated\">\n\t\t\t\t\t\t<div class=\"elementor-element elementor-element-6561ff54 elementor-widget elementor-widget-heading\" data-id=\"6561ff54\" data-element_type=\"widget\" data-e-type=\"widget\" data-widget_type=\"heading.default\">\n\t\t\t\t<div class=\"elementor-widget-container\">\n\t\t\t\t\t<h6 class=\"elementor-heading-title elementor-size-default\">Visite de travail Ministre Henri KOX<\/h6>\t\t\t\t<\/div>\n\t\t\t\t<\/div>\n\t\t\t\t<div class=\"elementor-element elementor-element-5dd2cc5 elementor-widget elementor-widget-image\" data-id=\"5dd2cc5\" data-element_type=\"widget\" data-e-type=\"widget\" data-widget_type=\"image.default\">\n\t\t\t\t<div class=\"elementor-widget-container\">\n\t\t\t\t\t\t\t\t\t\t\t\t\t\t\t<img fetchpriority=\"high\" decoding=\"async\" width=\"300\" height=\"169\" src=\"https:\/\/policemusee.lu\/wp-content\/uploads\/2022\/01\/20211029_161608-300x169.jpg\" class=\"attachment-medium size-medium wp-image-2114\" alt=\"\" srcset=\"https:\/\/policemusee.lu\/wp-content\/uploads\/2022\/01\/20211029_161608-300x169.jpg 300w, https:\/\/policemusee.lu\/wp-content\/uploads\/2022\/01\/20211029_161608-1024x576.jpg 1024w, https:\/\/policemusee.lu\/wp-content\/uploads\/2022\/01\/20211029_161608-768x432.jpg 768w, https:\/\/policemusee.lu\/wp-content\/uploads\/2022\/01\/20211029_161608-1536x864.jpg 1536w, https:\/\/policemusee.lu\/wp-content\/uploads\/2022\/01\/20211029_161608-2048x1152.jpg 2048w\" sizes=\"(max-width: 300px) 100vw, 300px\" \/>\t\t\t\t\t\t\t\t\t\t\t\t\t\t\t<\/div>\n\t\t\t\t<\/div>\n\t\t\t\t<div class=\"elementor-element elementor-element-da857f9 elementor-widget elementor-widget-text-editor\" data-id=\"da857f9\" data-element_type=\"widget\" data-e-type=\"widget\" data-widget_type=\"text-editor.default\">\n\t\t\t\t<div class=\"elementor-widget-container\">\n\t\t\t\t\t\t\t\t\t<p>\u00a0\u00a0\u00a0\u00a0 Luxembourg\u00a0 Dezember 2021<\/p><p><strong><u>Polizeiminister Henri KOX auf \u00a0Arbeitsvisite im Polizeimuseum<\/u><\/strong><\/p><p>\u00a0Hoher Besuch am Freitag, 29. Oktober 2021 in den R\u00e4umen der Polizeihistorischen Sammlung der Police Grand-Ducale.<\/p><p>\u00a0\u00a0\u00a0 Der zust\u00e4ndige Minister f\u00fcr innere Sicherheit (Polizeiminister) Herr Henri KOX hatte sich, in Begleitung eines Beamten seines Ministeriums,\u00a0 zu einem Arbeitsbesuch auf Verlorenkost angemeldet. Grund des Besuches war sich einen Einblick \u00fcber die imposante Sammlung zu verschaffen. Zudem stellten die Verantwortlichen des F\u00f6rdervereines das sich in Arbeit befindliche neue Konzept vor.<\/p><p>Um 1500 Uhr fuhr der Dienstwagen des Ministers auf den Parkplatz des Museums, in seiner Begleitung ein Mitarbeiter seines Ministeriums. Erwartet wurden die G\u00e4ste durch Philippe Schrantz, Generaldirektor der Polizei und Frank Stoltz, Pressesprecher, sowie dem Vorstand des F\u00f6rdervereines. In den Reihen des Vorstandes befand sich ebenfalls Jean REITZ, welcher seit Fr\u00fchjahr 2021, zusammen mit einer Arbeitsgruppe, ein Konzept ausarbeitet um ein zuk\u00fcnftiges Museumsprojekt auf die Beine zu stellen.<\/p><p>Im Namen des Vorstandes begr\u00fc\u00dfte Pr\u00e4sident Camille DIENER den hohen Gast. Nach der Vorstellung der anwesenden Vorstandsmitglieder, machten sich die Besucher unter der F\u00fchrung des Pr\u00e4sidenten auf eine kurze Visite durch die R\u00e4ume des Museums.<\/p><p>\u00a0\u00a0\u00a0 Im gro\u00dfen Versammlungsraum stellten sowohl Camille Diener als auch Jean Reitz das Teilkonzept vor, die Zwischenl\u00f6sung Capellen und ebenfalls ein m\u00f6gliches neues Museumprojekt mit weiteren Akteuren in diesem Bereich.<\/p><p>Die G\u00e4ste zeigten sich Interesse sowohl an der historischen Sammlung, als auch am Konzept und somit eine m\u00f6gliche Zukunft f\u00fcr die Sammlung.<\/p><p>Der Minister machte dann die Ansage, dass er nicht mit leeren H\u00e4nden erschienen sei, sondern mit einem \u00b4verfr\u00fchten Nikolausgeschenk\u00b4. Er zeigte sich erfreut dar\u00fcber, dass sein Ministerium das Polizeibudget aufgestockt habe, um der Polizei die M\u00f6glichkeit zu geben die Privatsammlung in Capellen zu erwerben. Diese Nachricht erm\u00f6gliche dann, in einer \u00dcbergangsphase, dass der F\u00f6rderverein seine Arbeit weiterf\u00fchren k\u00f6nne.<\/p><p>Des Weiteren wolle er sich schnellstm\u00f6glich mit dem aktuellen Besitzer der Sammlung, der Polizeidirektion und des Mamer B\u00fcrgermeisters, zusammensetzen um \u00fcber die weitere Vorgehensweise zu sprechen. Hierzu w\u00fcrde sein Ministerium den \u00b4Lead\u00b4 \u00fcbernehmen.<\/p><p>Dies war dann auch schon am 26. November 2021 der Fall. Ein weiterer Gedanken-austausch welcher seine Fr\u00fcchte trug.<\/p><p>Bevor ihr enger Terminkalender zum Aufbruch dr\u00e4ngte, verewigte sich Herr KOX noch im G\u00e4stebuch des Museums.<\/p>\t\t\t\t\t\t\t\t<\/div>\n\t\t\t\t<\/div>\n\t\t\t\t\t<\/div>\n\t\t<\/div>\n\t\t\t\t\t<\/div>\n\t\t<\/section>\n\t\t\t\t<section class=\"elementor-section elementor-inner-section elementor-element elementor-element-d8d973e elementor-section-boxed elementor-section-height-default elementor-section-height-default\" data-id=\"d8d973e\" data-element_type=\"section\" data-e-type=\"section\">\n\t\t\t\t\t\t<div class=\"elementor-container elementor-column-gap-default\">\n\t\t\t\t\t<div class=\"elementor-column elementor-col-50 elementor-inner-column elementor-element elementor-element-d539def\" data-id=\"d539def\" data-element_type=\"column\" data-e-type=\"column\">\n\t\t\t<div class=\"elementor-widget-wrap elementor-element-populated\">\n\t\t\t\t\t\t<div class=\"elementor-element elementor-element-c744119 elementor-widget elementor-widget-image\" data-id=\"c744119\" data-element_type=\"widget\" data-e-type=\"widget\" data-widget_type=\"image.default\">\n\t\t\t\t<div class=\"elementor-widget-container\">\n\t\t\t\t\t\t\t\t\t\t\t\t\t\t\t<img decoding=\"async\" src=\"https:\/\/policemusee.lu\/wp-content\/uploads\/elementor\/thumbs\/cropped-logo-ph2jq7rmf2yulz89kg4kgj9sv8el95yey4rlje2xj0.png\" title=\"cropped-logo.png\" alt=\"cropped-logo.png\" loading=\"lazy\" \/>\t\t\t\t\t\t\t\t\t\t\t\t\t\t\t<\/div>\n\t\t\t\t<\/div>\n\t\t\t\t\t<\/div>\n\t\t<\/div>\n\t\t\t\t<div class=\"elementor-column elementor-col-50 elementor-inner-column elementor-element elementor-element-12b9800\" data-id=\"12b9800\" data-element_type=\"column\" data-e-type=\"column\">\n\t\t\t<div class=\"elementor-widget-wrap elementor-element-populated\">\n\t\t\t\t\t\t<div class=\"elementor-element elementor-element-a159ece elementor-widget elementor-widget-heading\" data-id=\"a159ece\" data-element_type=\"widget\" data-e-type=\"widget\" data-widget_type=\"heading.default\">\n\t\t\t\t<div class=\"elementor-widget-container\">\n\t\t\t\t\t<h6 class=\"elementor-heading-title elementor-size-default\">Le Musee de la Police Grand-Ducale a.s.b.l. participait \u00e0 l'exposition de motos \u00e0 Bettborn\/Pr\u00e9izerdall du 15. - 17.04.2017<\/h6>\t\t\t\t<\/div>\n\t\t\t\t<\/div>\n\t\t\t\t<div class=\"elementor-element elementor-element-06eb956 elementor-widget elementor-widget-heading\" data-id=\"06eb956\" data-element_type=\"widget\" data-e-type=\"widget\" data-widget_type=\"heading.default\">\n\t\t\t\t<div class=\"elementor-widget-container\">\n\t\t\t\t\t<p class=\"elementor-heading-title elementor-size-default\"><a href=\"https:\/\/policemusee.lu\/wp-content\/uploads\/2021\/12\/2017_ExpoPreizerdall.pdf\">voir<\/a><\/p>\t\t\t\t<\/div>\n\t\t\t\t<\/div>\n\t\t\t\t\t<\/div>\n\t\t<\/div>\n\t\t\t\t\t<\/div>\n\t\t<\/section>\n\t\t\t\t<section class=\"elementor-section elementor-inner-section elementor-element elementor-element-555f9c9 elementor-section-boxed elementor-section-height-default elementor-section-height-default\" data-id=\"555f9c9\" data-element_type=\"section\" data-e-type=\"section\">\n\t\t\t\t\t\t<div class=\"elementor-container elementor-column-gap-default\">\n\t\t\t\t\t<div class=\"elementor-column elementor-col-50 elementor-inner-column elementor-element elementor-element-d305244\" data-id=\"d305244\" data-element_type=\"column\" data-e-type=\"column\">\n\t\t\t<div class=\"elementor-widget-wrap elementor-element-populated\">\n\t\t\t\t\t\t<div class=\"elementor-element elementor-element-7143f7e elementor-widget elementor-widget-image\" data-id=\"7143f7e\" data-element_type=\"widget\" data-e-type=\"widget\" data-widget_type=\"image.default\">\n\t\t\t\t<div class=\"elementor-widget-container\">\n\t\t\t\t\t\t\t\t\t\t\t\t\t\t\t<img decoding=\"async\" width=\"232\" height=\"300\" src=\"https:\/\/policemusee.lu\/wp-content\/uploads\/2021\/12\/Deckel_Buch_Heinrich-232x300.jpg\" class=\"attachment-medium size-medium wp-image-1209\" alt=\"\" srcset=\"https:\/\/policemusee.lu\/wp-content\/uploads\/2021\/12\/Deckel_Buch_Heinrich-232x300.jpg 232w, https:\/\/policemusee.lu\/wp-content\/uploads\/2021\/12\/Deckel_Buch_Heinrich.jpg 380w\" sizes=\"(max-width: 232px) 100vw, 232px\" \/>\t\t\t\t\t\t\t\t\t\t\t\t\t\t\t<\/div>\n\t\t\t\t<\/div>\n\t\t\t\t\t<\/div>\n\t\t<\/div>\n\t\t\t\t<div class=\"elementor-column elementor-col-50 elementor-inner-column elementor-element elementor-element-0d98d35\" data-id=\"0d98d35\" data-element_type=\"column\" data-e-type=\"column\">\n\t\t\t<div class=\"elementor-widget-wrap elementor-element-populated\">\n\t\t\t\t\t\t<div class=\"elementor-element elementor-element-3f1cea8 elementor-widget elementor-widget-heading\" data-id=\"3f1cea8\" data-element_type=\"widget\" data-e-type=\"widget\" data-widget_type=\"heading.default\">\n\t\t\t\t<div class=\"elementor-widget-container\">\n\t\t\t\t\t<h6 class=\"elementor-heading-title elementor-size-default\">RTL Planet Virstellung Buch vum Paul Heinrich \u00b4Die Gendarmerie wie ich sie kannte ...\u00b4<\/h6>\t\t\t\t<\/div>\n\t\t\t\t<\/div>\n\t\t\t\t<div class=\"elementor-element elementor-element-a19bb92 elementor-widget elementor-widget-heading\" data-id=\"a19bb92\" data-element_type=\"widget\" data-e-type=\"widget\" data-widget_type=\"heading.default\">\n\t\t\t\t<div class=\"elementor-widget-container\">\n\t\t\t\t\t<p class=\"elementor-heading-title elementor-size-default\"><a href=\"https:\/\/www.rtl.lu\/tele\/live-planet-people\/v\/3262251.html\">RTL Planet<\/a><\/p>\t\t\t\t<\/div>\n\t\t\t\t<\/div>\n\t\t\t\t\t<\/div>\n\t\t<\/div>\n\t\t\t\t\t<\/div>\n\t\t<\/section>\n\t\t\t\t<section class=\"elementor-section elementor-inner-section elementor-element elementor-element-d54391b elementor-section-boxed elementor-section-height-default elementor-section-height-default\" data-id=\"d54391b\" data-element_type=\"section\" data-e-type=\"section\">\n\t\t\t\t\t\t<div class=\"elementor-container elementor-column-gap-default\">\n\t\t\t\t\t<div class=\"elementor-column elementor-col-50 elementor-inner-column elementor-element elementor-element-32a6547\" data-id=\"32a6547\" data-element_type=\"column\" data-e-type=\"column\">\n\t\t\t<div class=\"elementor-widget-wrap elementor-element-populated\">\n\t\t\t\t\t\t<div class=\"elementor-element elementor-element-ab86609 elementor-widget elementor-widget-image\" data-id=\"ab86609\" data-element_type=\"widget\" data-e-type=\"widget\" data-widget_type=\"image.default\">\n\t\t\t\t<div class=\"elementor-widget-container\">\n\t\t\t\t\t\t\t\t\t\t\t\t\t\t\t<img decoding=\"async\" width=\"300\" height=\"200\" src=\"https:\/\/policemusee.lu\/wp-content\/uploads\/2022\/09\/Image-0-0-626509-300x200.jpg\" class=\"attachment-medium size-medium wp-image-2857\" alt=\"\" srcset=\"https:\/\/policemusee.lu\/wp-content\/uploads\/2022\/09\/Image-0-0-626509-300x200.jpg 300w, https:\/\/policemusee.lu\/wp-content\/uploads\/2022\/09\/Image-0-0-626509-1024x683.jpg 1024w, https:\/\/policemusee.lu\/wp-content\/uploads\/2022\/09\/Image-0-0-626509-768x512.jpg 768w, https:\/\/policemusee.lu\/wp-content\/uploads\/2022\/09\/Image-0-0-626509-1536x1024.jpg 1536w, https:\/\/policemusee.lu\/wp-content\/uploads\/2022\/09\/Image-0-0-626509-18x12.jpg 18w, https:\/\/policemusee.lu\/wp-content\/uploads\/2022\/09\/Image-0-0-626509.jpg 2048w\" sizes=\"(max-width: 300px) 100vw, 300px\" \/>\t\t\t\t\t\t\t\t\t\t\t\t\t\t\t<\/div>\n\t\t\t\t<\/div>\n\t\t\t\t\t<\/div>\n\t\t<\/div>\n\t\t\t\t<div class=\"elementor-column elementor-col-50 elementor-inner-column elementor-element elementor-element-0944ff2\" data-id=\"0944ff2\" data-element_type=\"column\" data-e-type=\"column\">\n\t\t\t<div class=\"elementor-widget-wrap elementor-element-populated\">\n\t\t\t\t\t\t<div class=\"elementor-element elementor-element-b30ab62 elementor-widget elementor-widget-heading\" data-id=\"b30ab62\" data-element_type=\"widget\" data-e-type=\"widget\" data-widget_type=\"heading.default\">\n\t\t\t\t<div class=\"elementor-widget-container\">\n\t\t\t\t\t<h6 class=\"elementor-heading-title elementor-size-default\">Offizielle Schl\u00fcssel\u00fcbergabe<\/h6>\t\t\t\t<\/div>\n\t\t\t\t<\/div>\n\t\t\t\t<div class=\"elementor-element elementor-element-088dbf6 elementor-widget elementor-widget-heading\" data-id=\"088dbf6\" data-element_type=\"widget\" data-e-type=\"widget\" data-widget_type=\"heading.default\">\n\t\t\t\t<div class=\"elementor-widget-container\">\n\t\t\t\t\t<p class=\"elementor-heading-title elementor-size-default\"><a href=\"https:\/\/digitalpaper.wort.lu\/data\/922\/reader\/reader.html?t=1664017203742#!preferred\/0\/package\/922\/pub\/1980\/page\/13\">wort.lu<\/a><\/p>\t\t\t\t<\/div>\n\t\t\t\t<\/div>\n\t\t\t\t\t<\/div>\n\t\t<\/div>\n\t\t\t\t\t<\/div>\n\t\t<\/section>\n\t\t\t\t\t<\/div>\n\t\t<\/div>\n\t\t\t\t\t<\/div>\n\t\t<\/section>\n\t\t\t\t<section class=\"elementor-section elementor-top-section elementor-element elementor-element-1954db6 elementor-section-boxed elementor-section-height-default elementor-section-height-default\" data-id=\"1954db6\" data-element_type=\"section\" data-e-type=\"section\">\n\t\t\t\t\t\t<div class=\"elementor-container elementor-column-gap-default\">\n\t\t\t\t\t<div class=\"elementor-column elementor-col-100 elementor-top-column elementor-element elementor-element-e5d709b\" data-id=\"e5d709b\" data-element_type=\"column\" data-e-type=\"column\">\n\t\t\t<div class=\"elementor-widget-wrap elementor-element-populated\">\n\t\t\t\t\t\t<div class=\"elementor-element elementor-element-205a4fb elementor-widget elementor-widget-spacer\" data-id=\"205a4fb\" data-element_type=\"widget\" data-e-type=\"widget\" data-widget_type=\"spacer.default\">\n\t\t\t\t<div class=\"elementor-widget-container\">\n\t\t\t\t\t\t\t<div class=\"elementor-spacer\">\n\t\t\t<div class=\"elementor-spacer-inner\"><\/div>\n\t\t<\/div>\n\t\t\t\t\t\t<\/div>\n\t\t\t\t<\/div>\n\t\t\t\t\t<\/div>\n\t\t<\/div>\n\t\t\t\t\t<\/div>\n\t\t<\/section>\n\t\t\t\t<section class=\"elementor-section elementor-top-section elementor-element elementor-element-5116e83 elementor-section-boxed elementor-section-height-default elementor-section-height-default\" data-id=\"5116e83\" data-element_type=\"section\" data-e-type=\"section\">\n\t\t\t\t\t\t<div class=\"elementor-container elementor-column-gap-default\">\n\t\t\t\t\t<div class=\"elementor-column elementor-col-100 elementor-top-column elementor-element elementor-element-1341241\" data-id=\"1341241\" data-element_type=\"column\" data-e-type=\"column\">\n\t\t\t<div class=\"elementor-widget-wrap elementor-element-populated\">\n\t\t\t\t\t\t<div class=\"elementor-element elementor-element-482f521 elementor-widget elementor-widget-spacer\" data-id=\"482f521\" data-element_type=\"widget\" data-e-type=\"widget\" data-widget_type=\"spacer.default\">\n\t\t\t\t<div class=\"elementor-widget-container\">\n\t\t\t\t\t\t\t<div class=\"elementor-spacer\">\n\t\t\t<div class=\"elementor-spacer-inner\"><\/div>\n\t\t<\/div>\n\t\t\t\t\t\t<\/div>\n\t\t\t\t<\/div>\n\t\t\t\t\t<\/div>\n\t\t<\/div>\n\t\t\t\t\t<\/div>\n\t\t<\/section>\n\t\t\t\t<\/div>\n\t\t","protected":false},"excerpt":{"rendered":"<p>Documentation Visite de travail Ministre Henri KOX \u00a0\u00a0\u00a0\u00a0 Luxembourg\u00a0 Dezember 2021 Polizeiminister Henri KOX auf \u00a0Arbeitsvisite im Polizeimuseum \u00a0Hoher Besuch am Freitag, 29. Oktober 2021 in den R\u00e4umen der Polizeihistorischen Sammlung der Police Grand-Ducale. \u00a0\u00a0\u00a0 Der zust\u00e4ndige Minister f\u00fcr innere Sicherheit (Polizeiminister) Herr Henri KOX hatte sich, in Begleitung eines Beamten seines Ministeriums,\u00a0 zu einem [&hellip;]<\/p>\n","protected":false},"author":1,"featured_media":0,"parent":0,"menu_order":0,"comment_status":"closed","ping_status":"closed","template":"","meta":{"site-sidebar-layout":"no-sidebar","site-content-layout":"page-builder","ast-site-content-layout":"default","site-content-style":"default","site-sidebar-style":"default","ast-global-header-display":"","ast-banner-title-visibility":"","ast-main-header-display":"","ast-hfb-above-header-display":"","ast-hfb-below-header-display":"","ast-hfb-mobile-header-display":"","site-post-title":"disabled","ast-breadcrumbs-content":"","ast-featured-img":"disabled","footer-sml-layout":"","theme-transparent-header-meta":"","adv-header-id-meta":"","stick-header-meta":"","header-above-stick-meta":"","header-main-stick-meta":"","header-below-stick-meta":"","astra-migrate-meta-layouts":"default","ast-page-background-enabled":"default","ast-page-background-meta":{"desktop":{"background-color":"","background-image":"","background-repeat":"repeat","background-position":"center center","background-size":"auto","background-attachment":"scroll","background-type":"","background-media":"","overlay-type":"","overlay-color":"","overlay-opacity":"","overlay-gradient":""},"tablet":{"background-color":"","background-image":"","background-repeat":"repeat","background-position":"center center","background-size":"auto","background-attachment":"scroll","background-type":"","background-media":"","overlay-type":"","overlay-color":"","overlay-opacity":"","overlay-gradient":""},"mobile":{"background-color":"","background-image":"","background-repeat":"repeat","background-position":"center center","background-size":"auto","background-attachment":"scroll","background-type":"","background-media":"","overlay-type":"","overlay-color":"","overlay-opacity":"","overlay-gradient":""}},"ast-content-background-meta":{"desktop":{"background-color":"var(--ast-global-color-5)","background-image":"","background-repeat":"repeat","background-position":"center center","background-size":"auto","background-attachment":"scroll","background-type":"","background-media":"","overlay-type":"","overlay-color":"","overlay-opacity":"","overlay-gradient":""},"tablet":{"background-color":"var(--ast-global-color-5)","background-image":"","background-repeat":"repeat","background-position":"center center","background-size":"auto","background-attachment":"scroll","background-type":"","background-media":"","overlay-type":"","overlay-color":"","overlay-opacity":"","overlay-gradient":""},"mobile":{"background-color":"var(--ast-global-color-5)","background-image":"","background-repeat":"repeat","background-position":"center center","background-size":"auto","background-attachment":"scroll","background-type":"","background-media":"","overlay-type":"","overlay-color":"","overlay-opacity":"","overlay-gradient":""}},"vkexunit_cta_each_option":"","footnotes":""},"class_list":["post-1366","page","type-page","status-publish","hentry"],"_links":{"self":[{"href":"https:\/\/policemusee.lu\/index.php?rest_route=\/wp\/v2\/pages\/1366","targetHints":{"allow":["GET"]}}],"collection":[{"href":"https:\/\/policemusee.lu\/index.php?rest_route=\/wp\/v2\/pages"}],"about":[{"href":"https:\/\/policemusee.lu\/index.php?rest_route=\/wp\/v2\/types\/page"}],"author":[{"embeddable":true,"href":"https:\/\/policemusee.lu\/index.php?rest_route=\/wp\/v2\/users\/1"}],"replies":[{"embeddable":true,"href":"https:\/\/policemusee.lu\/index.php?rest_route=%2Fwp%2Fv2%2Fcomments&post=1366"}],"version-history":[{"count":1,"href":"https:\/\/policemusee.lu\/index.php?rest_route=\/wp\/v2\/pages\/1366\/revisions"}],"predecessor-version":[{"id":4210,"href":"https:\/\/policemusee.lu\/index.php?rest_route=\/wp\/v2\/pages\/1366\/revisions\/4210"}],"wp:attachment":[{"href":"https:\/\/policemusee.lu\/index.php?rest_route=%2Fwp%2Fv2%2Fmedia&parent=1366"}],"curies":[{"name":"wp","href":"https:\/\/api.w.org\/{rel}","templated":true}]}}